{"id":762,"date":"2026-03-01T08:00:00","date_gmt":"2026-03-01T08:00:00","guid":{"rendered":"https:\/\/mytek.pt\/esenhas\/?page_id=762"},"modified":"2026-03-01T12:24:06","modified_gmt":"2026-03-01T12:24:06","slug":"triagem-de-manchester","status":"publish","type":"page","link":"https:\/\/mytek.pt\/esenhas\/triagem-de-manchester\/","title":{"rendered":"Triagem de Manchester"},"content":{"rendered":"\n<figure class=\"wp-block-video\"><video height=\"1080\" style=\"aspect-ratio: 1920 \/ 1080;\" width=\"1920\" autoplay controls muted src=\"https:\/\/mytek.pt\/esenhas\/wp-content\/uploads\/2026\/02\/Apresentacao_Triagem.mp4\" playsinline><\/video><\/figure>\n\n\n\n<div style=\"height:40px\" aria-hidden=\"true\" class=\"wp-block-spacer\"><\/div>\n\n\n\n<div style=\"opacity: 0;\" superb-addons-animation=\"slideInLeft\" class=\"wp-block-group alignwide is-style-superbaddons-card has-pale-cyan-blue-background-color has-background has-medium-font-size is-vertical is-layout-flex wp-container-core-group-is-layout-8cf370e7 wp-block-group-is-layout-flex\">\n<div class=\"wp-block-group\"><div class=\"wp-block-group__inner-container is-layout-constrained wp-block-group-is-layout-constrained\">\n<h2 class=\"wp-block-heading\">Carateristicas:<\/h2>\n<\/div><\/div>\n\n\n\n<p>Defini\u00e7\u00e3o das cores de fundo e letras;<\/p>\n\n\n\n<p>Textos de ajuda de preenchimento livre;<\/p>\n\n\n\n<p>Informa\u00e7\u00e3o dos tempos recomendados;<\/p>\n\n\n\n<p>Tempos m\u00e9dios de espera calculados ao momento;<\/p>\n\n\n\n<p>Informa\u00e7\u00e3o do numero de senhas e tempo de espera, por cor no ecr\u00e3 da Sala de Espera;<\/p>\n\n\n\n<p>Informa\u00e7\u00e3o do numero de senhas e tempo de espera, por cor nos computadores da Rece\u00e7\u00e3o;<\/p>\n\n\n\n<p>No quadro do Recursos, informa\u00e7\u00e3o da senha com a cor da triagem, tempo recomendado e tempo em espera;<\/p>\n\n\n\n<p>Aviso audio para os Recursos sobre senha com indica\u00e7\u00e3o da Triagem;<\/p>\n\n\n\n<p>Possibilidade de escolher qual ou quais o(s) tipo(s) de senha(s) que utilizam a Triagem;<\/p>\n\n\n\n<p>Estatistica de tempos de espera filtrado por data, tipo de senha e cor da Triagem;<\/p>\n<\/div>\n\n\n\n<p><\/p>\n","protected":false},"excerpt":{"rendered":"<p>Carateristicas: Defini\u00e7\u00e3o das cores de fundo e letras; Textos de ajuda de preenchimento livre; Informa\u00e7\u00e3o dos tempos recomendados; Tempos m\u00e9dios [&hellip;]<\/p>\n","protected":false},"author":1,"featured_media":0,"parent":0,"menu_order":0,"comment_status":"closed","ping_status":"closed","template":"template-full-width.php","meta":{"footnotes":""},"class_list":["post-762","page","type-page","status-publish","hentry"],"_links":{"self":[{"href":"https:\/\/mytek.pt\/esenhas\/wp-json\/wp\/v2\/pages\/762","targetHints":{"allow":["GET"]}}],"collection":[{"href":"https:\/\/mytek.pt\/esenhas\/wp-json\/wp\/v2\/pages"}],"about":[{"href":"https:\/\/mytek.pt\/esenhas\/wp-json\/wp\/v2\/types\/page"}],"author":[{"embeddable":true,"href":"https:\/\/mytek.pt\/esenhas\/wp-json\/wp\/v2\/users\/1"}],"replies":[{"embeddable":true,"href":"https:\/\/mytek.pt\/esenhas\/wp-json\/wp\/v2\/comments?post=762"}],"version-history":[{"count":17,"href":"https:\/\/mytek.pt\/esenhas\/wp-json\/wp\/v2\/pages\/762\/revisions"}],"predecessor-version":[{"id":801,"href":"https:\/\/mytek.pt\/esenhas\/wp-json\/wp\/v2\/pages\/762\/revisions\/801"}],"wp:attachment":[{"href":"https:\/\/mytek.pt\/esenhas\/wp-json\/wp\/v2\/media?parent=762"}],"curies":[{"name":"wp","href":"https:\/\/api.w.org\/{rel}","templated":true}]}}