{"id":20,"date":"2023-06-26T18:07:29","date_gmt":"2023-06-26T18:07:29","guid":{"rendered":"https:\/\/mytek.pt\/esenhas\/responsive-design\/"},"modified":"2026-02-23T12:35:37","modified_gmt":"2026-02-23T12:35:37","slug":"funcionalidades","status":"publish","type":"page","link":"https:\/\/mytek.pt\/esenhas\/funcionalidades\/","title":{"rendered":"Funcionalidades"},"content":{"rendered":"\n<div style=\"opacity: 0;\" superb-addons-animation=\"slideInUp\" class=\"wp-block-group is-style-superbaddons-card has-pale-cyan-blue-background-color has-background has-medium-font-size\"><div class=\"wp-block-group__inner-container is-layout-constrained wp-block-group-is-layout-constrained\">\n<p>Sistema multilingue com os avisos da Sala de Espera e telemovel na mesma lingua em que a senha foi tirada;<\/p>\n\n\n\n<div class=\"wp-block-group\"><div class=\"wp-block-group__inner-container is-layout-constrained wp-block-group-is-layout-constrained\">\n<p>Emiss\u00e3o de Senhas em papel, via SMS ou QrCode sem instala\u00e7\u00e3o de aplica\u00e7\u00f5es;<\/p>\n\n\n\n<p>Gest\u00e3o dos tempos de espera e prioridade das Senhas;<\/p>\n\n\n\n<p>Possibilidade de v\u00e1rios menus nos quiosques conforme o local a que se referem;<\/p>\n\n\n\n<p>Cada Sala de Espera pode ter conteudos diferentes e chamar tipos de senha diferentes;<\/p>\n\n\n\n<p>Atribui\u00e7\u00e3o de Recurso a cada Senha, bem como a identifica\u00e7\u00e3o do Cliente\/Animal;<\/p>\n\n\n\n<p>Sistema de Triagem Adaptada de Manchester;<\/p>\n\n\n\n<p>Quadros de aviso dos Recursos com indica\u00e7\u00e3o dos tempos de espera;<\/p>\n\n\n\n<p>Aviso audio ao Recurso sobre a Senha que lhe foi atribuida;<\/p>\n\n\n\n<p>Aviso por SMS ao Recurso;<\/p>\n\n\n\n<p>Chamada das Senhas ao Gabinete com visualiza\u00e7\u00e3o da Triagem;<\/p>\n<\/div><\/div>\n<\/div><\/div>\n\n\n\n<p><\/p>\n","protected":false},"excerpt":{"rendered":"<p>Sistema multilingue com os avisos da Sala de Espera e telemovel na mesma lingua em que a senha foi tirada; [&hellip;]<\/p>\n","protected":false},"author":1,"featured_media":0,"parent":0,"menu_order":0,"comment_status":"closed","ping_status":"closed","template":"template-full-width.php","meta":{"footnotes":""},"class_list":["post-20","page","type-page","status-publish","hentry"],"_links":{"self":[{"href":"https:\/\/mytek.pt\/esenhas\/wp-json\/wp\/v2\/pages\/20","targetHints":{"allow":["GET"]}}],"collection":[{"href":"https:\/\/mytek.pt\/esenhas\/wp-json\/wp\/v2\/pages"}],"about":[{"href":"https:\/\/mytek.pt\/esenhas\/wp-json\/wp\/v2\/types\/page"}],"author":[{"embeddable":true,"href":"https:\/\/mytek.pt\/esenhas\/wp-json\/wp\/v2\/users\/1"}],"replies":[{"embeddable":true,"href":"https:\/\/mytek.pt\/esenhas\/wp-json\/wp\/v2\/comments?post=20"}],"version-history":[{"count":9,"href":"https:\/\/mytek.pt\/esenhas\/wp-json\/wp\/v2\/pages\/20\/revisions"}],"predecessor-version":[{"id":759,"href":"https:\/\/mytek.pt\/esenhas\/wp-json\/wp\/v2\/pages\/20\/revisions\/759"}],"wp:attachment":[{"href":"https:\/\/mytek.pt\/esenhas\/wp-json\/wp\/v2\/media?parent=20"}],"curies":[{"name":"wp","href":"https:\/\/api.w.org\/{rel}","templated":true}]}}