{"id":12,"date":"2023-06-26T18:07:29","date_gmt":"2023-06-26T18:07:29","guid":{"rendered":"https:\/\/mytek.pt\/esenhas\/home\/"},"modified":"2026-03-01T11:43:35","modified_gmt":"2026-03-01T11:43:35","slug":"home","status":"publish","type":"page","link":"https:\/\/mytek.pt\/esenhas\/","title":{"rendered":""},"content":{"rendered":"<div class=\"wp-block-image is-style-default\">\n<figure style=\"opacity: 0;\" superb-addons-animation=\"slideInLeft\" class=\"aligncenter size-large is-resized\"><img loading=\"lazy\" decoding=\"async\" width=\"1024\" height=\"374\" src=\"https:\/\/mytek.pt\/esenhas\/wp-content\/uploads\/2026\/02\/logo_esenhas-1024x374.png\" alt=\"\" class=\"wp-image-738\" style=\"width:356px;height:auto\" srcset=\"https:\/\/mytek.pt\/esenhas\/wp-content\/uploads\/2026\/02\/logo_esenhas-1024x374.png 1024w, https:\/\/mytek.pt\/esenhas\/wp-content\/uploads\/2026\/02\/logo_esenhas-300x110.png 300w, https:\/\/mytek.pt\/esenhas\/wp-content\/uploads\/2026\/02\/logo_esenhas-768x281.png 768w, https:\/\/mytek.pt\/esenhas\/wp-content\/uploads\/2026\/02\/logo_esenhas.png 1072w\" sizes=\"auto, (max-width: 1024px) 100vw, 1024px\" \/><\/figure>\n<\/div>\n\n\n<div style=\"opacity: 0;\" superb-addons-animation=\"slideInDown\" class=\"wp-block-superb-addons-animated-heading superbaddons-animated-heading-block superbaddons-animated-heading-effect12\" id=\"block-f2a7aa29-2b20-4539-9f9d-c3ee05fe7d71\" data-animation=\"effect12\" data-animation-speed=\"60\" data-animation-loop=\"true\">\n<h2 class=\"wp-block-heading has-text-align-center\"><em><span class=\"has-superb-addons-text-align-justify\">Agora com Triagem de Manchester<\/span> Adaptada!<\/em><\/h2>\n<\/div>\n\n\n\n<div style=\"opacity: 0;\" superb-addons-animation=\"slideInRight\" class=\"wp-block-group is-style-superbaddons-card has-pale-cyan-blue-background-color has-background has-medium-font-size\"><div class=\"wp-block-group__inner-container is-layout-constrained wp-block-group-is-layout-constrained\">\n<p class=\"has-text-align-center\"><strong>eSenhas<\/strong> \u00e9 um sistema de <em>Gest\u00e3o de Filas de Espera<\/em>, concebido para ambiente web e de f\u00e1cil utiliza\u00e7\u00e3o.<\/p>\n\n\n\n<p class=\"has-text-align-center\">Est\u00e1 dividido em 2 vers\u00f5es, a <strong>LITE<\/strong> e a <strong>PRO<\/strong>.<\/p>\n\n\n\n<p class=\"has-text-align-center\">A vers\u00e3o <strong>LITE<\/strong>, \u00e9 a vers\u00e3o mais simples em que o Cliente tira a senha e \u00e9 chamado ao Atendimento. <\/p>\n\n\n\n<p class=\"has-text-align-center\">A vers\u00e3o <strong>PRO<\/strong>, \u00e9 a vers\u00e3o mais completa, permite acompanhar o Cliente desde que tira a sua Senha at\u00e9 \u00e0 saida. Tem a vertente <strong>PRO VET<\/strong>, sendo o <strong>sistema dedicado \u00e0 Veterin\u00e1ria<\/strong> e \u00e0s suas necessidades. Surge no final de 2022 por necessidade de um Hospital Veterin\u00e1rio, o mercado n\u00e3o tinha, nem dava a resposta que se pretendia. Apostamos no projeto com o Nosso Cliente e hoje disponibilizamos para todos, cujas necessidades apresentadas na altura, s\u00e3o as necessidades atuais de todos os Hospitais Veterin\u00e1rios.<\/p>\n\n\n\n<p class=\"has-text-align-center\">O <strong>eSenhas<\/strong>, sistema de <em>Gest\u00e3o de Filas de Espera<\/em> permite:<\/p>\n\n\n\n<p class=\"has-text-align-center\"><strong>Melhorar<\/strong>&nbsp;a qualidade do&nbsp;<strong>Atendimento<\/strong>.<\/p>\n\n\n\n<p class=\"has-text-align-center\"><strong>Reduzir<\/strong>&nbsp;o tempo de espera do Cliente;<\/p>\n\n\n\n<p class=\"has-text-align-center\">Tornar&nbsp;<strong>mais eficiente<\/strong>&nbsp;o aviso ao Recurso,&nbsp;<strong>eliminando o tempo desperdi\u00e7ado<\/strong>&nbsp;na procura do mesmo;<\/p>\n<\/div><\/div>\n\n\n\n<div style=\"height:71px\" aria-hidden=\"true\" class=\"wp-block-spacer\"><\/div>\n\n\n\n<div style=\"opacity: 0;\" superb-addons-animation=\"slideInLeft\" class=\"wp-block-group is-style-superbaddons-card has-pale-cyan-blue-background-color has-background\"><div class=\"wp-block-group__inner-container is-layout-constrained wp-block-group-is-layout-constrained\">\n<div class=\"wp-block-columns is-layout-flex wp-container-core-columns-is-layout-9d6595d7 wp-block-columns-is-layout-flex\">\n<div class=\"wp-block-column is-layout-flow wp-block-column-is-layout-flow\" style=\"flex-basis:100%\">\n<div class=\"wp-block-media-text has-media-on-the-right is-stacked-on-mobile\" style=\"grid-template-columns:auto 55%\"><div class=\"wp-block-media-text__content\">\n<p class=\"has-text-align-center has-medium-font-size\"><strong>O que dizem os Tutores sobre os Nossos Clientes?<\/strong><\/p>\n\n\n\n<p class=\"has-medium-font-size\">[&#8230;]<em>excelente organiza\u00e7\u00e3o (dos poucos hospitais com servi\u00e7o de senhas para cada tipologia de servi\u00e7os)<\/em>[&#8230;]<\/p>\n\n\n\n<p class=\"has-text-align-center has-medium-font-size\"><em>Publicado nas criticas do Google!<\/em><\/p>\n<\/div><figure class=\"wp-block-media-text__media\"><a href=\"https:\/\/mytek.pt\/esenhas\/wp-content\/uploads\/2024\/01\/Critica-no-site-Vasco-da-Gama-1.png\" target=\"_blank\" rel=\"noreferrer noopener\"><img loading=\"lazy\" decoding=\"async\" width=\"975\" height=\"760\" src=\"https:\/\/mytek.pt\/esenhas\/wp-content\/uploads\/2024\/01\/Critica-no-site-Vasco-da-Gama-1.png\" alt=\"\" class=\"wp-image-513 size-full\" srcset=\"https:\/\/mytek.pt\/esenhas\/wp-content\/uploads\/2024\/01\/Critica-no-site-Vasco-da-Gama-1.png 975w, https:\/\/mytek.pt\/esenhas\/wp-content\/uploads\/2024\/01\/Critica-no-site-Vasco-da-Gama-1-600x468.png 600w, https:\/\/mytek.pt\/esenhas\/wp-content\/uploads\/2024\/01\/Critica-no-site-Vasco-da-Gama-1-300x234.png 300w, https:\/\/mytek.pt\/esenhas\/wp-content\/uploads\/2024\/01\/Critica-no-site-Vasco-da-Gama-1-768x599.png 768w\" sizes=\"auto, (max-width: 975px) 100vw, 975px\" \/><\/a><\/figure><\/div>\n<\/div>\n<\/div>\n<\/div><\/div>\n\n\n\n<p><\/p>\n\n\n\n<h2 class=\"wp-block-heading\">Alguns testemunhos<\/h2>\n\n\n<p style=\"opacity: 0;\" superb-addons-animation=\"slideInRight\"><div class=\"ti-widget ti-wp-testimonial-1 ti-no-logo ti-auto-height\" data-layout-id=\"48\" data-layout-category=\"grid\" data-set-id=\"light-background\" data-pid=\"\" data-language=\"pt\" data-close-locale=\"Fechar\" data-css-version=\"2\" data-review-text-mode=\"readmore\" data-reply-by-locale=\"Resposta do propriet\u00e1rio\" data-only-rating-locale=\"Este usu\u00e1rio deixou apenas uma avalia\u00e7\u00e3o.\" > <div class=\"ti-widget-container ti-col-3\"> <div class=\"ti-reviews-container\"> <div class=\"ti-reviews-container-wrapper\">  <div class=\"ti-review-item source-Testimonials ti-image-layout-thumbnail\" data-id=\"cfcd208495d565ef66e7dff9f98764da\" > <div class=\"ti-profile-img-square\"> <img decoding=\"async\" src=\"https:\/\/mytek.pt\/esenhas\/wp-content\/uploads\/2023\/07\/AniCura_Vasco_da_Gama_Hospital_Veterina\u2560urio_horizontal_black-scaled.jpg\" alt=\"Dr\u00aa Sofia Alves\" \/> <\/div> <div class=\"ti-inner\"> <div class=\"ti-review-header\">  <div class=\"ti-profile-details\"> <div class=\"ti-name\"> Dr\u00aa Sofia Alves <\/div> <div class=\"ti-date\">Anicura Vasco da Gama<\/div> <\/div> <\/div> <span class=\"ti-stars\"><img decoding=\"async\" class=\"ti-star\" src=\"https:\/\/cdn.trustindex.io\/assets\/platform\/Google\/star\/f.svg\" alt=\"Google\" width=\"17\" height=\"17\" loading=\"lazy\" \/><img decoding=\"async\" class=\"ti-star\" src=\"https:\/\/cdn.trustindex.io\/assets\/platform\/Google\/star\/f.svg\" alt=\"Google\" width=\"17\" height=\"17\" loading=\"lazy\" \/><img decoding=\"async\" class=\"ti-star\" src=\"https:\/\/cdn.trustindex.io\/assets\/platform\/Google\/star\/f.svg\" alt=\"Google\" width=\"17\" height=\"17\" loading=\"lazy\" \/><img decoding=\"async\" class=\"ti-star\" src=\"https:\/\/cdn.trustindex.io\/assets\/platform\/Google\/star\/f.svg\" alt=\"Google\" width=\"17\" height=\"17\" loading=\"lazy\" \/><img decoding=\"async\" class=\"ti-star\" src=\"https:\/\/cdn.trustindex.io\/assets\/platform\/Google\/star\/f.svg\" alt=\"Google\" width=\"17\" height=\"17\" loading=\"lazy\" \/><\/span> <div class=\"ti-review-text-container ti-review-content\"><!-- R-CONTENT --><em>Realmente um facilitar e otimizador dos recursos humanos, o tempo de espera dos clientes diminuiu e o grau de satisfa\u00e7\u00e3o aumentou! <\/em><em>Recomendo!<\/em><!-- R-CONTENT --><\/div> <span class=\"ti-read-more\" data-container=\".ti-review-content\" data-collapse-text=\"Esconder\" data-open-text=\"Consulte Mais informa\u00e7\u00e3o\" ><\/span> <\/div> <\/div>  <div class=\"ti-review-item source-Testimonials ti-image-layout-thumbnail\" data-id=\"cfcd208495d565ef66e7dff9f98764da\" > <div class=\"ti-profile-img-square\"> <img decoding=\"async\" src=\"https:\/\/mytek.pt\/esenhas\/wp-content\/uploads\/2023\/06\/logoHVA.jpg\" alt=\"Dr\u00aa Maria Gaiv\u00e3o\" \/> <\/div> <div class=\"ti-inner\"> <div class=\"ti-review-header\">  <div class=\"ti-profile-details\"> <div class=\"ti-name\"> Dr\u00aa Maria Gaiv\u00e3o <\/div> <div class=\"ti-date\">Anicura Atl\u00e2ntico Hospital Veterin\u00e1rio<\/div> <\/div> <\/div> <span class=\"ti-stars\"><img decoding=\"async\" class=\"ti-star\" src=\"https:\/\/cdn.trustindex.io\/assets\/platform\/Google\/star\/f.svg\" alt=\"Google\" width=\"17\" height=\"17\" loading=\"lazy\" \/><img decoding=\"async\" class=\"ti-star\" src=\"https:\/\/cdn.trustindex.io\/assets\/platform\/Google\/star\/f.svg\" alt=\"Google\" width=\"17\" height=\"17\" loading=\"lazy\" \/><img decoding=\"async\" class=\"ti-star\" src=\"https:\/\/cdn.trustindex.io\/assets\/platform\/Google\/star\/f.svg\" alt=\"Google\" width=\"17\" height=\"17\" loading=\"lazy\" \/><img decoding=\"async\" class=\"ti-star\" src=\"https:\/\/cdn.trustindex.io\/assets\/platform\/Google\/star\/f.svg\" alt=\"Google\" width=\"17\" height=\"17\" loading=\"lazy\" \/><img decoding=\"async\" class=\"ti-star\" src=\"https:\/\/cdn.trustindex.io\/assets\/platform\/Google\/star\/f.svg\" alt=\"Google\" width=\"17\" height=\"17\" loading=\"lazy\" \/><\/span> <div class=\"ti-review-text-container ti-review-content\"><!-- R-CONTENT --><em>A implementa\u00e7\u00e3o do servi\u00e7o teve um grande impacto positivo na gest\u00e3o e organiza\u00e7\u00e3o das consultas e trabalho da rece\u00e7\u00e3o do nosso hospital.<\/em><!-- R-CONTENT --><\/div> <span class=\"ti-read-more\" data-container=\".ti-review-content\" data-collapse-text=\"Esconder\" data-open-text=\"Consulte Mais informa\u00e7\u00e3o\" ><\/span> <\/div> <\/div>  <div class=\"ti-review-item source-Testimonials ti-image-layout-thumbnail\" data-id=\"cfcd208495d565ef66e7dff9f98764da\" > <div class=\"ti-profile-img-square\"> <img decoding=\"async\" src=\"https:\/\/mytek.pt\/esenhas\/wp-content\/uploads\/2024\/01\/logoclisenhatrans.png\" alt=\"Gra\u00e7a de Almeida\" \/> <\/div> <div class=\"ti-inner\"> <div class=\"ti-review-header\">  <div class=\"ti-profile-details\"> <div class=\"ti-name\"> Gra\u00e7a de Almeida <\/div> <div class=\"ti-date\">Hospital Refer\u00eancia Veterin\u00e1ria Montenegro<\/div> <\/div> <\/div> <span class=\"ti-stars\"><img decoding=\"async\" class=\"ti-star\" src=\"https:\/\/cdn.trustindex.io\/assets\/platform\/Google\/star\/f.svg\" alt=\"Google\" width=\"17\" height=\"17\" loading=\"lazy\" \/><img decoding=\"async\" class=\"ti-star\" src=\"https:\/\/cdn.trustindex.io\/assets\/platform\/Google\/star\/f.svg\" alt=\"Google\" width=\"17\" height=\"17\" loading=\"lazy\" \/><img decoding=\"async\" class=\"ti-star\" src=\"https:\/\/cdn.trustindex.io\/assets\/platform\/Google\/star\/f.svg\" alt=\"Google\" width=\"17\" height=\"17\" loading=\"lazy\" \/><img decoding=\"async\" class=\"ti-star\" src=\"https:\/\/cdn.trustindex.io\/assets\/platform\/Google\/star\/f.svg\" alt=\"Google\" width=\"17\" height=\"17\" loading=\"lazy\" \/><img decoding=\"async\" class=\"ti-star\" src=\"https:\/\/cdn.trustindex.io\/assets\/platform\/Google\/star\/f.svg\" alt=\"Google\" width=\"17\" height=\"17\" loading=\"lazy\" \/><\/span> <div class=\"ti-review-text-container ti-review-content\"><!-- R-CONTENT --><em>Foi das melhoras inova\u00e7\u00f5es que foram efetuadas no nosso espa\u00e7o nos \u00faltimos tempos, agilizou o atendimento e deixou de existir momentos constrangedores entre os clientes e a rece\u00e7\u00e3o.<\/em><!-- R-CONTENT --><\/div> <span class=\"ti-read-more\" data-container=\".ti-review-content\" data-collapse-text=\"Esconder\" data-open-text=\"Consulte Mais informa\u00e7\u00e3o\" ><\/span> <\/div> <\/div>  <\/div> <\/div> <\/div> <\/div> <\/p>\n\n\n\n<div style=\"height:100px\" aria-hidden=\"true\" class=\"wp-block-spacer\"><\/div>\n\n\n\n<div style=\"opacity: 0;\" superb-addons-animation=\"slideInLeft\" class=\"wp-block-group is-style-superbaddons-card has-pale-cyan-blue-background-color has-background\"><div class=\"wp-block-group__inner-container is-layout-constrained wp-block-group-is-layout-constrained\">\n<p class=\"has-text-align-center has-medium-font-size\">J\u00e1 tem outro sistema de senhas? N\u00e3o h\u00e1 problema, podemos avaliar o aproveitamento do equipamento existente para implementar o&nbsp;<strong>eSenhas<\/strong>.<\/p>\n\n\n\n<p class=\"has-text-align-center has-medium-font-size\"><a href=\"https:\/\/mytek.pt\/esenhas\/contacte-nos\/\">Contacte-nos!!<\/a><\/p>\n<\/div><\/div>\n\n\n\n<p><\/p>\n","protected":false},"excerpt":{"rendered":"<p>eSenhas \u00e9 um sistema de Gest\u00e3o de Filas de Espera, concebido para ambiente web e de f\u00e1cil utiliza\u00e7\u00e3o. Est\u00e1 dividido [&hellip;]<\/p>\n","protected":false},"author":1,"featured_media":0,"parent":0,"menu_order":0,"comment_status":"closed","ping_status":"closed","template":"template-full-width.php","meta":{"footnotes":""},"class_list":["post-12","page","type-page","status-publish","hentry"],"_links":{"self":[{"href":"https:\/\/mytek.pt\/esenhas\/wp-json\/wp\/v2\/pages\/12","targetHints":{"allow":["GET"]}}],"collection":[{"href":"https:\/\/mytek.pt\/esenhas\/wp-json\/wp\/v2\/pages"}],"about":[{"href":"https:\/\/mytek.pt\/esenhas\/wp-json\/wp\/v2\/types\/page"}],"author":[{"embeddable":true,"href":"https:\/\/mytek.pt\/esenhas\/wp-json\/wp\/v2\/users\/1"}],"replies":[{"embeddable":true,"href":"https:\/\/mytek.pt\/esenhas\/wp-json\/wp\/v2\/comments?post=12"}],"version-history":[{"count":65,"href":"https:\/\/mytek.pt\/esenhas\/wp-json\/wp\/v2\/pages\/12\/revisions"}],"predecessor-version":[{"id":773,"href":"https:\/\/mytek.pt\/esenhas\/wp-json\/wp\/v2\/pages\/12\/revisions\/773"}],"wp:attachment":[{"href":"https:\/\/mytek.pt\/esenhas\/wp-json\/wp\/v2\/media?parent=12"}],"curies":[{"name":"wp","href":"https:\/\/api.w.org\/{rel}","templated":true}]}}